{"id":252,"date":"2023-06-20T10:41:08","date_gmt":"2023-06-20T10:41:08","guid":{"rendered":"https:\/\/memoriacesib.es\/2022\/agraiments-2\/"},"modified":"2023-11-08T17:27:04","modified_gmt":"2023-11-08T17:27:04","slug":"agraiments","status":"publish","type":"page","link":"https:\/\/memoriacesib.es\/2022\/agraiments\/","title":{"rendered":"Agraiments"},"content":{"rendered":"\t\t<div data-elementor-type=\"wp-page\" data-elementor-id=\"252\" class=\"elementor elementor-252\" data-elementor-post-type=\"page\">\n\t\t\t\t\t\t<section class=\"elementor-section elementor-top-section elementor-element elementor-element-7c3d654e elementor-section-boxed elementor-section-height-default elementor-section-height-default\" data-id=\"7c3d654e\" data-element_type=\"section\" data-e-type=\"section\" data-settings=\"{&quot;background_background&quot;:&quot;classic&quot;}\">\n\t\t\t\t\t\t<div class=\"elementor-container elementor-column-gap-default\">\n\t\t\t\t\t<div class=\"elementor-column elementor-col-100 elementor-top-column elementor-element elementor-element-2f29dfaa\" data-id=\"2f29dfaa\" data-element_type=\"column\" data-e-type=\"column\">\n\t\t\t<div class=\"elementor-widget-wrap elementor-element-populated\">\n\t\t\t\t\t\t<div class=\"elementor-element elementor-element-755e745c elementor-widget elementor-widget-heading\" data-id=\"755e745c\" data-element_type=\"widget\" data-e-type=\"widget\" data-widget_type=\"heading.default\">\n\t\t\t\t<div class=\"elementor-widget-container\">\n\t\t\t\t\t<h1 class=\"elementor-heading-title elementor-size-default\">agra\u00efments<\/h1>\t\t\t\t<\/div>\n\t\t\t\t<\/div>\n\t\t\t\t\t<\/div>\n\t\t<\/div>\n\t\t\t\t\t<\/div>\n\t\t<\/section>\n\t\t\t\t<section class=\"elementor-section elementor-top-section elementor-element elementor-element-289ac731 elementor-section-boxed elementor-section-height-default elementor-section-height-default\" data-id=\"289ac731\" data-element_type=\"section\" data-e-type=\"section\">\n\t\t\t\t\t\t<div class=\"elementor-container elementor-column-gap-default\">\n\t\t\t\t\t<div class=\"elementor-column elementor-col-100 elementor-top-column elementor-element elementor-element-3235aa8c\" data-id=\"3235aa8c\" data-element_type=\"column\" data-e-type=\"column\" data-settings=\"{&quot;background_background&quot;:&quot;classic&quot;}\">\n\t\t\t<div class=\"elementor-widget-wrap elementor-element-populated\">\n\t\t\t\t\t\t<section class=\"elementor-section elementor-inner-section elementor-element elementor-element-034aa18 elementor-section-boxed elementor-section-height-default elementor-section-height-default\" data-id=\"034aa18\" data-element_type=\"section\" data-e-type=\"section\">\n\t\t\t\t\t\t<div class=\"elementor-container elementor-column-gap-default\">\n\t\t\t\t\t<div class=\"elementor-column elementor-col-100 elementor-inner-column elementor-element elementor-element-1053d19\" data-id=\"1053d19\" data-element_type=\"column\" data-e-type=\"column\">\n\t\t\t<div class=\"elementor-widget-wrap elementor-element-populated\">\n\t\t\t\t\t\t<div class=\"elementor-element elementor-element-bcc4639 elementor-widget elementor-widget-text-editor\" data-id=\"bcc4639\" data-element_type=\"widget\" data-e-type=\"widget\" data-widget_type=\"text-editor.default\">\n\t\t\t\t<div class=\"elementor-widget-container\">\n\t\t\t\t\t\t\t\t\t<p class=\"p1\">El Consell Econ\u00f2mic i Social de les Illes Balears agraeix la col\u00b7laboraci\u00f3 de les institucions i del personal que han aportat informaci\u00f3 estad\u00edstica i documental per dur a terme aquesta mem\u00f2ria, sense les quals no seria possible elaborar-la.<\/p><ul><li class=\"p1\">Ag\u00e8ncia Balear de l\u2019Aigua i la Qualitat Ambiental (Abaqua)<\/li><li class=\"p1\">\u00c0rea de transport terrestre i mobilitat del Consell Insular d\u2019Eivissa<\/li><li class=\"p1\">\u00c0rea Infraestructures vi\u00e0ries del Consell Insular d\u2019Eivissa<\/li><li class=\"p1\">Bicipalma<\/li><li class=\"p1\">Consells insulars de Mallorca, Menorca, Eivissa i Formentera<\/li><li class=\"p1\">Departament de Pol\u00edtica Econ\u00f2mica, Compet\u00e8ncia i An\u00e0lisi de Conjuntura, de la Direcci\u00f3 General de Model Econ\u00f2mic i Ocupaci\u00f3<\/li><li class=\"p1\">Departament d\u2019Educaci\u00f3 Ambiental, Qualitat Ambiental i Residus, de la Direcci\u00f3 General de Residus i Educaci\u00f3 Ambiental<\/li><li class=\"p1\">Direcci\u00f3 General de Pol\u00edtica Ling\u00fc\u00edstica, de la Secretaria Auton\u00f2mica d\u2019Universitat, Recerca i Pol\u00edtica Ling\u00fc\u00edstica<\/li><li class=\"p1\">Direcci\u00f3 Provincial de l\u2019INSS de les Illes Balears<\/li><li class=\"p1\">EMT Palma<\/li><li class=\"p1\">Gabinet de la Conselleria de Model Econ\u00f2mic, Turisme i Treball<\/li><li class=\"p1\">Institut d\u2019Estad\u00edstica de les Illes Balears (Ibestat)<\/li><li class=\"p1\">Institut d\u2019Estudis Bale\u00e0rics<\/li><li class=\"p1\">Servei d\u2019Ocupaci\u00f3 de les Illes Balears (SOIB)<\/li><li class=\"p1\">Servei de Gesti\u00f3 Forestal i Protecci\u00f3 del S\u00f2l de la Direcci\u00f3 General d\u2019Espais Naturals i Biodiversitat<\/li><li class=\"p2\">Servei d\u2019Estudis i Planificaci\u00f3 de la Direcci\u00f3 General Recursos H\u00eddrics<\/li><li class=\"p2\">TAMIB<\/li><li class=\"p2\">Universitat de les Illes Balears<\/li><\/ul>\t\t\t\t\t\t\t\t<\/div>\n\t\t\t\t<\/div>\n\t\t\t\t\t<\/div>\n\t\t<\/div>\n\t\t\t\t\t<\/div>\n\t\t<\/section>\n\t\t\t\t\t<\/div>\n\t\t<\/div>\n\t\t\t\t\t<\/div>\n\t\t<\/section>\n\t\t\t\t<\/div>\n\t\t","protected":false},"excerpt":{"rendered":"<p>agra\u00efments El Consell Econ\u00f2mic i Social de les Illes Balears agraeix la col\u00b7laboraci\u00f3 de les institucions i del personal que han aportat informaci\u00f3 estad\u00edstica i documental per dur a terme aquesta mem\u00f2ria, sense les quals no seria possible elaborar-la. Ag\u00e8ncia Balear de l\u2019Aigua i la Qualitat Ambiental (Abaqua) \u00c0rea de transport terrestre i mobilitat del [&hellip;]<\/p>\n","protected":false},"author":1,"featured_media":2512,"parent":0,"menu_order":3,"comment_status":"closed","ping_status":"closed","template":"","meta":{"footnotes":""},"class_list":["post-252","page","type-page","status-publish","has-post-thumbnail","hentry"],"yoast_head":"<!-- This site is optimized with the Yoast SEO plugin v27.3 - https:\/\/yoast.com\/product\/yoast-seo-wordpress\/ -->\n<title>Agraiments - Memoria CES 2022<\/title>\n<meta name=\"robots\" content=\"index, follow, max-snippet:-1, max-image-preview:large, max-video-preview:-1\" \/>\n<link rel=\"canonical\" href=\"https:\/\/memoriacesib.es\/2022\/agraiments\/\" \/>\n<meta property=\"og:locale\" content=\"es_ES\" \/>\n<meta property=\"og:type\" content=\"article\" \/>\n<meta property=\"og:title\" content=\"Agraiments - Memoria CES 2022\" \/>\n<meta property=\"og:description\" content=\"agra\u00efments El Consell Econ\u00f2mic i Social de les Illes Balears agraeix la col\u00b7laboraci\u00f3 de les institucions i del personal que han aportat informaci\u00f3 estad\u00edstica i documental per dur a terme aquesta mem\u00f2ria, sense les quals no seria possible elaborar-la. Ag\u00e8ncia Balear de l\u2019Aigua i la Qualitat Ambiental (Abaqua) \u00c0rea de transport terrestre i mobilitat del [&hellip;]\" \/>\n<meta property=\"og:url\" content=\"https:\/\/memoriacesib.es\/2022\/agraiments\/\" \/>\n<meta property=\"og:site_name\" content=\"Memoria CES 2022\" \/>\n<meta property=\"article:publisher\" content=\"https:\/\/www.facebook.com\/cesillesbalears\" \/>\n<meta property=\"article:modified_time\" content=\"2023-11-08T17:27:04+00:00\" \/>\n<meta property=\"og:image\" content=\"https:\/\/memoriacesib.es\/2022\/wp-content\/uploads\/2023\/08\/Foto-portada-CES-1.jpg\" \/>\n\t<meta property=\"og:image:width\" content=\"768\" \/>\n\t<meta property=\"og:image:height\" content=\"768\" \/>\n\t<meta property=\"og:image:type\" content=\"image\/jpeg\" \/>\n<meta name=\"twitter:card\" content=\"summary_large_image\" \/>\n<meta name=\"twitter:site\" content=\"@ces_ib\" \/>\n<meta name=\"twitter:label1\" content=\"Tiempo de lectura\" \/>\n\t<meta name=\"twitter:data1\" content=\"1 minuto\" \/>\n<script type=\"application\/ld+json\" class=\"yoast-schema-graph\">{\"@context\":\"https:\\\/\\\/schema.org\",\"@graph\":[{\"@type\":\"WebPage\",\"@id\":\"https:\\\/\\\/memoriacesib.es\\\/2022\\\/agraiments\\\/\",\"url\":\"https:\\\/\\\/memoriacesib.es\\\/2022\\\/agraiments\\\/\",\"name\":\"Agraiments - Memoria CES 2022\",\"isPartOf\":{\"@id\":\"https:\\\/\\\/memoriacesib.es\\\/2022\\\/#website\"},\"primaryImageOfPage\":{\"@id\":\"https:\\\/\\\/memoriacesib.es\\\/2022\\\/agraiments\\\/#primaryimage\"},\"image\":{\"@id\":\"https:\\\/\\\/memoriacesib.es\\\/2022\\\/agraiments\\\/#primaryimage\"},\"thumbnailUrl\":\"https:\\\/\\\/memoriacesib.es\\\/2022\\\/wp-content\\\/uploads\\\/2023\\\/08\\\/Foto-portada-CES-1.jpg\",\"datePublished\":\"2023-06-20T10:41:08+00:00\",\"dateModified\":\"2023-11-08T17:27:04+00:00\",\"breadcrumb\":{\"@id\":\"https:\\\/\\\/memoriacesib.es\\\/2022\\\/agraiments\\\/#breadcrumb\"},\"inLanguage\":\"es\",\"potentialAction\":[{\"@type\":\"ReadAction\",\"target\":[\"https:\\\/\\\/memoriacesib.es\\\/2022\\\/agraiments\\\/\"]}]},{\"@type\":\"ImageObject\",\"inLanguage\":\"es\",\"@id\":\"https:\\\/\\\/memoriacesib.es\\\/2022\\\/agraiments\\\/#primaryimage\",\"url\":\"https:\\\/\\\/memoriacesib.es\\\/2022\\\/wp-content\\\/uploads\\\/2023\\\/08\\\/Foto-portada-CES-1.jpg\",\"contentUrl\":\"https:\\\/\\\/memoriacesib.es\\\/2022\\\/wp-content\\\/uploads\\\/2023\\\/08\\\/Foto-portada-CES-1.jpg\",\"width\":768,\"height\":768},{\"@type\":\"BreadcrumbList\",\"@id\":\"https:\\\/\\\/memoriacesib.es\\\/2022\\\/agraiments\\\/#breadcrumb\",\"itemListElement\":[{\"@type\":\"ListItem\",\"position\":1,\"name\":\"Portada\",\"item\":\"https:\\\/\\\/memoriacesib.es\\\/2022\\\/\"},{\"@type\":\"ListItem\",\"position\":2,\"name\":\"Agraiments\"}]},{\"@type\":\"WebSite\",\"@id\":\"https:\\\/\\\/memoriacesib.es\\\/2022\\\/#website\",\"url\":\"https:\\\/\\\/memoriacesib.es\\\/2022\\\/\",\"name\":\"Memoria CES 2022\",\"description\":\"Memoria CES 2022\",\"publisher\":{\"@id\":\"https:\\\/\\\/memoriacesib.es\\\/2022\\\/#organization\"},\"potentialAction\":[{\"@type\":\"SearchAction\",\"target\":{\"@type\":\"EntryPoint\",\"urlTemplate\":\"https:\\\/\\\/memoriacesib.es\\\/2022\\\/?s={search_term_string}\"},\"query-input\":{\"@type\":\"PropertyValueSpecification\",\"valueRequired\":true,\"valueName\":\"search_term_string\"}}],\"inLanguage\":\"es\"},{\"@type\":\"Organization\",\"@id\":\"https:\\\/\\\/memoriacesib.es\\\/2022\\\/#organization\",\"name\":\"Consell Economic i Social de les Illes Balears (CES)\",\"url\":\"https:\\\/\\\/memoriacesib.es\\\/2022\\\/\",\"logo\":{\"@type\":\"ImageObject\",\"inLanguage\":\"es\",\"@id\":\"https:\\\/\\\/memoriacesib.es\\\/2022\\\/#\\\/schema\\\/logo\\\/image\\\/\",\"url\":\"https:\\\/\\\/memoriacesib.es\\\/2022\\\/wp-content\\\/uploads\\\/2023\\\/06\\\/Logo-Memoria-Ces-2022_AZUL.png\",\"contentUrl\":\"https:\\\/\\\/memoriacesib.es\\\/2022\\\/wp-content\\\/uploads\\\/2023\\\/06\\\/Logo-Memoria-Ces-2022_AZUL.png\",\"width\":300,\"height\":73,\"caption\":\"Consell Economic i Social de les Illes Balears (CES)\"},\"image\":{\"@id\":\"https:\\\/\\\/memoriacesib.es\\\/2022\\\/#\\\/schema\\\/logo\\\/image\\\/\"},\"sameAs\":[\"https:\\\/\\\/www.facebook.com\\\/cesillesbalears\",\"https:\\\/\\\/x.com\\\/ces_ib\",\"https:\\\/\\\/www.youtube.com\\\/channel\\\/UCrEmO9wh7KlUaQ9dWzvYrVg\"]}]}<\/script>\n<!-- \/ Yoast SEO plugin. -->","yoast_head_json":{"title":"Agraiments - Memoria CES 2022","robots":{"index":"index","follow":"follow","max-snippet":"max-snippet:-1","max-image-preview":"max-image-preview:large","max-video-preview":"max-video-preview:-1"},"canonical":"https:\/\/memoriacesib.es\/2022\/agraiments\/","og_locale":"es_ES","og_type":"article","og_title":"Agraiments - Memoria CES 2022","og_description":"agra\u00efments El Consell Econ\u00f2mic i Social de les Illes Balears agraeix la col\u00b7laboraci\u00f3 de les institucions i del personal que han aportat informaci\u00f3 estad\u00edstica i documental per dur a terme aquesta mem\u00f2ria, sense les quals no seria possible elaborar-la. Ag\u00e8ncia Balear de l\u2019Aigua i la Qualitat Ambiental (Abaqua) \u00c0rea de transport terrestre i mobilitat del [&hellip;]","og_url":"https:\/\/memoriacesib.es\/2022\/agraiments\/","og_site_name":"Memoria CES 2022","article_publisher":"https:\/\/www.facebook.com\/cesillesbalears","article_modified_time":"2023-11-08T17:27:04+00:00","og_image":[{"width":768,"height":768,"url":"https:\/\/memoriacesib.es\/2022\/wp-content\/uploads\/2023\/08\/Foto-portada-CES-1.jpg","type":"image\/jpeg"}],"twitter_card":"summary_large_image","twitter_site":"@ces_ib","twitter_misc":{"Tiempo de lectura":"1 minuto"},"schema":{"@context":"https:\/\/schema.org","@graph":[{"@type":"WebPage","@id":"https:\/\/memoriacesib.es\/2022\/agraiments\/","url":"https:\/\/memoriacesib.es\/2022\/agraiments\/","name":"Agraiments - Memoria CES 2022","isPartOf":{"@id":"https:\/\/memoriacesib.es\/2022\/#website"},"primaryImageOfPage":{"@id":"https:\/\/memoriacesib.es\/2022\/agraiments\/#primaryimage"},"image":{"@id":"https:\/\/memoriacesib.es\/2022\/agraiments\/#primaryimage"},"thumbnailUrl":"https:\/\/memoriacesib.es\/2022\/wp-content\/uploads\/2023\/08\/Foto-portada-CES-1.jpg","datePublished":"2023-06-20T10:41:08+00:00","dateModified":"2023-11-08T17:27:04+00:00","breadcrumb":{"@id":"https:\/\/memoriacesib.es\/2022\/agraiments\/#breadcrumb"},"inLanguage":"es","potentialAction":[{"@type":"ReadAction","target":["https:\/\/memoriacesib.es\/2022\/agraiments\/"]}]},{"@type":"ImageObject","inLanguage":"es","@id":"https:\/\/memoriacesib.es\/2022\/agraiments\/#primaryimage","url":"https:\/\/memoriacesib.es\/2022\/wp-content\/uploads\/2023\/08\/Foto-portada-CES-1.jpg","contentUrl":"https:\/\/memoriacesib.es\/2022\/wp-content\/uploads\/2023\/08\/Foto-portada-CES-1.jpg","width":768,"height":768},{"@type":"BreadcrumbList","@id":"https:\/\/memoriacesib.es\/2022\/agraiments\/#breadcrumb","itemListElement":[{"@type":"ListItem","position":1,"name":"Portada","item":"https:\/\/memoriacesib.es\/2022\/"},{"@type":"ListItem","position":2,"name":"Agraiments"}]},{"@type":"WebSite","@id":"https:\/\/memoriacesib.es\/2022\/#website","url":"https:\/\/memoriacesib.es\/2022\/","name":"Memoria CES 2022","description":"Memoria CES 2022","publisher":{"@id":"https:\/\/memoriacesib.es\/2022\/#organization"},"potentialAction":[{"@type":"SearchAction","target":{"@type":"EntryPoint","urlTemplate":"https:\/\/memoriacesib.es\/2022\/?s={search_term_string}"},"query-input":{"@type":"PropertyValueSpecification","valueRequired":true,"valueName":"search_term_string"}}],"inLanguage":"es"},{"@type":"Organization","@id":"https:\/\/memoriacesib.es\/2022\/#organization","name":"Consell Economic i Social de les Illes Balears (CES)","url":"https:\/\/memoriacesib.es\/2022\/","logo":{"@type":"ImageObject","inLanguage":"es","@id":"https:\/\/memoriacesib.es\/2022\/#\/schema\/logo\/image\/","url":"https:\/\/memoriacesib.es\/2022\/wp-content\/uploads\/2023\/06\/Logo-Memoria-Ces-2022_AZUL.png","contentUrl":"https:\/\/memoriacesib.es\/2022\/wp-content\/uploads\/2023\/06\/Logo-Memoria-Ces-2022_AZUL.png","width":300,"height":73,"caption":"Consell Economic i Social de les Illes Balears (CES)"},"image":{"@id":"https:\/\/memoriacesib.es\/2022\/#\/schema\/logo\/image\/"},"sameAs":["https:\/\/www.facebook.com\/cesillesbalears","https:\/\/x.com\/ces_ib","https:\/\/www.youtube.com\/channel\/UCrEmO9wh7KlUaQ9dWzvYrVg"]}]}},"_links":{"self":[{"href":"https:\/\/memoriacesib.es\/2022\/wp-json\/wp\/v2\/pages\/252","targetHints":{"allow":["GET"]}}],"collection":[{"href":"https:\/\/memoriacesib.es\/2022\/wp-json\/wp\/v2\/pages"}],"about":[{"href":"https:\/\/memoriacesib.es\/2022\/wp-json\/wp\/v2\/types\/page"}],"author":[{"embeddable":true,"href":"https:\/\/memoriacesib.es\/2022\/wp-json\/wp\/v2\/users\/1"}],"replies":[{"embeddable":true,"href":"https:\/\/memoriacesib.es\/2022\/wp-json\/wp\/v2\/comments?post=252"}],"version-history":[{"count":8,"href":"https:\/\/memoriacesib.es\/2022\/wp-json\/wp\/v2\/pages\/252\/revisions"}],"predecessor-version":[{"id":2548,"href":"https:\/\/memoriacesib.es\/2022\/wp-json\/wp\/v2\/pages\/252\/revisions\/2548"}],"wp:featuredmedia":[{"embeddable":true,"href":"https:\/\/memoriacesib.es\/2022\/wp-json\/wp\/v2\/media\/2512"}],"wp:attachment":[{"href":"https:\/\/memoriacesib.es\/2022\/wp-json\/wp\/v2\/media?parent=252"}],"curies":[{"name":"wp","href":"https:\/\/api.w.org\/{rel}","templated":true}]}}