{"id":258,"date":"2023-06-20T10:41:09","date_gmt":"2023-06-20T10:41:09","guid":{"rendered":"https:\/\/memoriacesib.es\/2022\/presentacio-2\/"},"modified":"2025-08-11T14:23:00","modified_gmt":"2025-08-11T14:23:00","slug":"presentacio","status":"publish","type":"page","link":"https:\/\/memoriacesib.es\/2022\/presentacio\/","title":{"rendered":"Presentacio"},"content":{"rendered":"\t\t<div data-elementor-type=\"wp-page\" data-elementor-id=\"258\" class=\"elementor elementor-258\" data-elementor-post-type=\"page\">\n\t\t\t\t\t\t<section class=\"elementor-section elementor-top-section elementor-element elementor-element-4d094eb4 elementor-section-boxed elementor-section-height-default elementor-section-height-default\" data-id=\"4d094eb4\" data-element_type=\"section\" data-e-type=\"section\" data-settings=\"{&quot;background_background&quot;:&quot;classic&quot;}\">\n\t\t\t\t\t\t<div class=\"elementor-container elementor-column-gap-default\">\n\t\t\t\t\t<div class=\"elementor-column elementor-col-100 elementor-top-column elementor-element elementor-element-562cdc1a\" data-id=\"562cdc1a\" data-element_type=\"column\" data-e-type=\"column\">\n\t\t\t<div class=\"elementor-widget-wrap elementor-element-populated\">\n\t\t\t\t\t\t<div class=\"elementor-element elementor-element-7c0c355 elementor-widget elementor-widget-heading\" data-id=\"7c0c355\" data-element_type=\"widget\" data-e-type=\"widget\" data-widget_type=\"heading.default\">\n\t\t\t\t<div class=\"elementor-widget-container\">\n\t\t\t\t\t<h1 class=\"elementor-heading-title elementor-size-default\">presentaci\u00f3<\/h1>\t\t\t\t<\/div>\n\t\t\t\t<\/div>\n\t\t\t\t\t<\/div>\n\t\t<\/div>\n\t\t\t\t\t<\/div>\n\t\t<\/section>\n\t\t\t\t<section class=\"elementor-section elementor-top-section elementor-element elementor-element-2acecbbf elementor-section-boxed elementor-section-height-default elementor-section-height-default\" data-id=\"2acecbbf\" data-element_type=\"section\" data-e-type=\"section\">\n\t\t\t\t\t\t<div class=\"elementor-container elementor-column-gap-default\">\n\t\t\t\t\t<div class=\"elementor-column elementor-col-100 elementor-top-column elementor-element elementor-element-2138794e\" data-id=\"2138794e\" data-element_type=\"column\" data-e-type=\"column\">\n\t\t\t<div class=\"elementor-widget-wrap elementor-element-populated\">\n\t\t\t\t\t\t<section class=\"elementor-section elementor-inner-section elementor-element elementor-element-76adf72 elementor-section-boxed elementor-section-height-default elementor-section-height-default\" data-id=\"76adf72\" data-element_type=\"section\" data-e-type=\"section\">\n\t\t\t\t\t\t<div class=\"elementor-container elementor-column-gap-default\">\n\t\t\t\t\t<div class=\"elementor-column elementor-col-100 elementor-inner-column elementor-element elementor-element-8fd7c12\" data-id=\"8fd7c12\" data-element_type=\"column\" data-e-type=\"column\" data-settings=\"{&quot;background_background&quot;:&quot;classic&quot;}\">\n\t\t\t<div class=\"elementor-widget-wrap elementor-element-populated\">\n\t\t\t\t\t\t<div class=\"elementor-element elementor-element-7ee0661e elementor-widget elementor-widget-text-editor\" data-id=\"7ee0661e\" data-element_type=\"widget\" data-e-type=\"widget\" data-widget_type=\"text-editor.default\">\n\t\t\t\t<div class=\"elementor-widget-container\">\n\t\t\t\t\t\t\t\t\t<p class=\"p1\">La mem\u00f2ria que presenta el CES de les Illes Balears sobre l\u2019economia, el treball i la societat de les Illes Balears pel que fa a l\u2019any 2022 mostra que el conjunt de la societat de les Illes ha superat l\u2019efecte de la pand\u00e8mia i, en xifres econ\u00f2miques i d\u2019ocupaci\u00f3, recupera \u2014si no supera\u2014 les dades m\u00e9s altes del 2019. Aquests nombres s\u2019ajunten amb un altre creixement important de la poblaci\u00f3, reflectit en les puntes d\u2019estiu i en les d\u2019hivern, tal com s\u2019observa amb l\u2019\u00edndex de pressi\u00f3 humana, tant en el conjunt de l\u2019arxip\u00e8lag com en cadascuna de les quatre illes.<\/p><p class=\"p1\">Aix\u00ed mateix, no s\u2019han pogut completar els efectes mediambientals d\u2019aquest creixement econ\u00f2mic per al 2022, ja que l\u2019\u00edndex sint\u00e8tic mediambiental, que el CES treballa anualment, encara no s\u2019ha presentat per aquest any per manca de determinades dades oficials. Des del punt de vista social, s\u2019agreuja el problema de l\u2019habitatge, es perden posicions relatives en la qualitat del treball, s\u2019incrementen les atencions i les cobertures dels serveis socials i es constata una p\u00e8rdua de l\u2019\u00fas social de la llengua catalana.<\/p><p class=\"p1\">En aquesta presentaci\u00f3 no volem entrar en el detall de les xifres. El conjunt de la mem\u00f2ria i el resum de l\u2019informe executiu que l\u2019acompanya aporten les dades necess\u00e0ries per tenir una radiografia completa del funcionament de les societats illenques aquest 2022. S\u00ed que consideram que cal valorar el fet objectiu de l\u2019exist\u00e8ncia d\u2019aquesta mem\u00f2ria del CES, \u00fanic treball que, de manera sistem\u00e0tica i hol\u00edstica, aporta a la societat illenca un conjunt de dades econ\u00f2miques, socials, mediambientals i laborals que facilita una reflexi\u00f3 de conjunt sobre cap on anam com a societat i si aquest \u00e9s el sentit encertat de tot el nostre creixement.<\/p><p class=\"p1\">Des de la Comissi\u00f3 de la Mem\u00f2ria i en els debats del plenari del CES, cada vegada es valora m\u00e9s la necessitat de reduir la quantitat de dades massa particularitzades i l\u2019esfor\u00e7 de selecci\u00f3 de les m\u00e9s rellevants en els aspectes qualitatius. \u00c9s a dir, es pret\u00e9n que la informaci\u00f3 que cont\u00e9 la mem\u00f2ria sigui cada vegada m\u00e9s selectiva i que, a m\u00e9s d\u2019objectiva i obtinguda sempre de fonts estad\u00edstiques oficials, sigui f\u00e0cil de ser llegida, compresa i amb els criteris transparents d\u2019elaboraci\u00f3, perqu\u00e8 pugui ser interpretada lliurement pel lector potencial.<\/p><p class=\"p1\">De fet, aquest \u00e9s un desig f\u00e0cil de dir per\u00f2 molt dif\u00edcil de concretar. Per aix\u00f2 no podem fer m\u00e9s que agrair l\u2019esfor\u00e7 als consellers i les conselleres que formen part de la Comissi\u00f3 de la Mem\u00f2ria i al seu president, el professor Carles Mulet, aix\u00ed com a tot l\u2019equip t\u00e8cnic del CES, coordinat, en aquest cas, per la cap del servei d\u2019estudis, Anna Grau, per aportar cont\u00ednuament propostes d\u2019innovaci\u00f3 i modernitzaci\u00f3 del treball de la mem\u00f2ria.<\/p><p class=\"p1\">D\u2019altra banda, la reducci\u00f3 de p\u00e0gines de la versi\u00f3 en paper es complementar\u00e0 amb l\u2019edici\u00f3 d\u2019un nou web. Aquest permetr\u00e0 navegar m\u00e9s f\u00e0cilment en l\u2019edici\u00f3 digital de la mem\u00f2ria; treballar amb format obert amb les dades i els gr\u00e0fics que hi figuren, i, de manera progressiva, establir les s\u00e8ries hist\u00f2riques de les dades m\u00e9s rellevants que les mem\u00f2ries del CES han aportat des de l\u2019inici, l\u2019any 2001. \u00c9s un proc\u00e9s prou ambici\u00f3s que exigir\u00e0 una tasca continuada de selecci\u00f3 dels indicadors m\u00e9s rellevants i la seva plasmaci\u00f3 en taules, gr\u00e0fics i infografies que facilitin tant la informaci\u00f3 com els treballs cient\u00edfics externs per a qui vulgui treballar amb aquestes dades.<\/p><p class=\"p1\">Per a les properes edicions de la mem\u00f2ria, s\u2019ha considerat continuar amb la metodologia dels \u00edndexs sint\u00e8tics. Ja n\u2019hi ha respecte al m\u00f3n laboral i el medi ambient. Amb tot, s\u2019ha comentat la conveni\u00e8ncia de tenir-los en mat\u00e8ries econ\u00f2miques, socials i de governan\u00e7a de les institucions p\u00fabliques. De fet, en la producci\u00f3 cient\u00edfica i en les institucions internacionals, europees, espanyoles o d\u2019altres autonomies, hi ha diferents models i propostes de cadascun d\u2019aquests \u00edndexs.<\/p><p class=\"p1\">Per\u00f2 no tenim tanta pressa per implementar-los com s\u00ed per posar sobre la taula l\u2019oportunitat de tenir indicadors de mesura per baixar del debat abstracte sobre si cal q\u00fcestionar l\u2019actual model de creixement per passar al debat concret de valorar col\u00b7lectivament on som, on volem arribar com a societat i quins mitjans concrets hem de posar per arribar-hi. La nostra contribuci\u00f3 com a CES ha de ser posar dades, coneixements, reflexions i aportacions col\u00b7lectives, funci\u00f3 que, per cert, \u00e9s la que ha de complir la nostra mem\u00f2ria, tal com recorda la Llei de creaci\u00f3 del CES i el seu desplegament reglamentari posterior.<\/p><p class=\"p1\">Finalment, a l\u2019hora de redactar aquesta presentaci\u00f3 ja coneixem el resultat de les eleccions municipals i auton\u00f2miques del 2023. El mandat del CES i la seva renovaci\u00f3 no coincideix amb els cicles electorals, per\u00f2, com no podria ser d\u2019una altra manera, ens posam a disposici\u00f3 de les noves autoritats per desenvolupar de la millor manera possible la funci\u00f3 institucional que correspon al CES i que preveu l\u2019Estatut d\u2019autonomia.<\/p><p class=\"p1\">Aix\u00ed mateix, volem agrair el suport i la comprensi\u00f3 que ha rebut el CES des de les diferents institucions d\u2019aquesta anterior legislatura. I, m\u00e9s concretament, de la conselleria que t\u00e9 l\u2019obligaci\u00f3 de relacionar-se amb el CES, en aquest cas la Conselleria de Model Econ\u00f2mic, Treball i Turisme.<\/p><p class=\"p1\">Coincidint amb aquestes modificacions institucionals, al CES tamb\u00e9 hem tingut un canvi important. El nostre estimat secretari general, el senyor Josep Valero, ha cessat de les seves funcions.<\/p><p class=\"p1\">Des que soc president del CES, ja fa dos anys, en Josep sempre ha estat el nostre far: home de fermes conviccions, que sempre ha defensat el CES per damunt de tot. Ha fet del Consell Econ\u00f2mic i Social un espai de consensos, moltes vegades dif\u00edcils, per\u00f2 que ell sempre ha sabut treballar i aconseguir.<\/p><p class=\"p1\">Lluitador en mil batalles, socials, d\u2019habitatge, clim\u00e0tiques, estrat\u00e8giques, institucionals, etc.; sempre amb el m\u00e0xim respecte per a totes les opinions.<\/p><p class=\"p1\">Josep, mai no podrem agrair-te tot el que ens has donat, fent de la instituci\u00f3 un referent a l\u2019\u00e0mbit de la reflexi\u00f3 estrat\u00e8gica, del di\u00e0leg i de la lluita institucional per transformar la nostra terra en un lloc millor per a les persones que l\u2019habitam.<\/p><p class=\"p1\">Moltes gr\u00e0cies per tot; moltes gr\u00e0cies per tant.<\/p>\t\t\t\t\t\t\t\t<\/div>\n\t\t\t\t<\/div>\n\t\t\t\t<div class=\"elementor-element elementor-element-1b41622b elementor-widget elementor-widget-text-editor\" data-id=\"1b41622b\" data-element_type=\"widget\" data-e-type=\"widget\" data-widget_type=\"text-editor.default\">\n\t\t\t\t<div class=\"elementor-widget-container\">\n\t\t\t\t\t\t\t\t\t<p style=\"text-align: center;\">Rafel Ballester Salv\u00e0<\/p>\t\t\t\t\t\t\t\t<\/div>\n\t\t\t\t<\/div>\n\t\t\t\t<div class=\"elementor-element elementor-element-951422f elementor-widget elementor-widget-heading\" data-id=\"951422f\" data-element_type=\"widget\" data-e-type=\"widget\" data-widget_type=\"heading.default\">\n\t\t\t\t<div class=\"elementor-widget-container\">\n\t\t\t\t\t<h2 class=\"elementor-heading-title elementor-size-default\">President del CES<\/h2>\t\t\t\t<\/div>\n\t\t\t\t<\/div>\n\t\t\t\t<div class=\"elementor-element elementor-element-685fcb21 elementor-widget elementor-widget-image\" data-id=\"685fcb21\" data-element_type=\"widget\" data-e-type=\"widget\" data-widget_type=\"image.default\">\n\t\t\t\t<div class=\"elementor-widget-container\">\n\t\t\t\t\t\t\t\t\t\t\t\t\t\t\t<img fetchpriority=\"high\" decoding=\"async\" width=\"800\" height=\"392\" src=\"https:\/\/memoriacesib.es\/2022\/wp-content\/uploads\/2023\/08\/Firma-boli-2-1024x502.jpg\" class=\"attachment-large size-large wp-image-1237\" alt=\"\" srcset=\"https:\/\/memoriacesib.es\/2022\/wp-content\/uploads\/2023\/08\/Firma-boli-2-1024x502.jpg 1024w, https:\/\/memoriacesib.es\/2022\/wp-content\/uploads\/2023\/08\/Firma-boli-2-300x147.jpg 300w, https:\/\/memoriacesib.es\/2022\/wp-content\/uploads\/2023\/08\/Firma-boli-2-768x376.jpg 768w, https:\/\/memoriacesib.es\/2022\/wp-content\/uploads\/2023\/08\/Firma-boli-2-1536x752.jpg 1536w, https:\/\/memoriacesib.es\/2022\/wp-content\/uploads\/2023\/08\/Firma-boli-2-2048x1003.jpg 2048w\" sizes=\"(max-width: 800px) 100vw, 800px\" \/>\t\t\t\t\t\t\t\t\t\t\t\t\t\t\t<\/div>\n\t\t\t\t<\/div>\n\t\t\t\t\t<\/div>\n\t\t<\/div>\n\t\t\t\t\t<\/div>\n\t\t<\/section>\n\t\t\t\t\t<\/div>\n\t\t<\/div>\n\t\t\t\t\t<\/div>\n\t\t<\/section>\n\t\t\t\t<\/div>\n\t\t","protected":false},"excerpt":{"rendered":"<p>presentaci\u00f3 La mem\u00f2ria que presenta el CES de les Illes Balears sobre l\u2019economia, el treball i la societat de les Illes Balears pel que fa a l\u2019any 2022 mostra que el conjunt de la societat de les Illes ha superat l\u2019efecte de la pand\u00e8mia i, en xifres econ\u00f2miques i d\u2019ocupaci\u00f3, recupera \u2014si no supera\u2014 les [&hellip;]<\/p>\n","protected":false},"author":1,"featured_media":2512,"parent":0,"menu_order":1,"comment_status":"closed","ping_status":"closed","template":"","meta":{"footnotes":""},"class_list":["post-258","page","type-page","status-publish","has-post-thumbnail","hentry"],"yoast_head":"<!-- This site is optimized with the Yoast SEO plugin v27.3 - https:\/\/yoast.com\/product\/yoast-seo-wordpress\/ -->\n<title>Presentacio - Memoria CES 2022<\/title>\n<meta name=\"description\" content=\"La Mem\u00f2ria 2022 intenta realitzar any rere any una an\u00e0lisi el m\u00e9s objectiu i ampli possible de la realitat balear.\" \/>\n<meta name=\"robots\" content=\"index, follow, max-snippet:-1, max-image-preview:large, max-video-preview:-1\" \/>\n<link rel=\"canonical\" href=\"https:\/\/memoriacesib.es\/2022\/presentacio\/\" \/>\n<meta property=\"og:locale\" content=\"es_ES\" \/>\n<meta property=\"og:type\" content=\"article\" \/>\n<meta property=\"og:title\" content=\"Presentacio - Memoria CES 2022\" \/>\n<meta property=\"og:description\" content=\"La Mem\u00f2ria 2022 intenta realitzar any rere any una an\u00e0lisi el m\u00e9s objectiu i ampli possible de la realitat balear.\" \/>\n<meta property=\"og:url\" content=\"https:\/\/memoriacesib.es\/2022\/presentacio\/\" \/>\n<meta property=\"og:site_name\" content=\"Memoria CES 2022\" \/>\n<meta property=\"article:publisher\" content=\"https:\/\/www.facebook.com\/cesillesbalears\" \/>\n<meta property=\"article:modified_time\" content=\"2025-08-11T14:23:00+00:00\" \/>\n<meta property=\"og:image\" content=\"https:\/\/memoriacesib.es\/2022\/wp-content\/uploads\/2023\/08\/Foto-portada-CES-1.jpg\" \/>\n\t<meta property=\"og:image:width\" content=\"768\" \/>\n\t<meta property=\"og:image:height\" content=\"768\" \/>\n\t<meta property=\"og:image:type\" content=\"image\/jpeg\" \/>\n<meta name=\"twitter:card\" content=\"summary_large_image\" \/>\n<meta name=\"twitter:site\" content=\"@ces_ib\" \/>\n<meta name=\"twitter:label1\" content=\"Tiempo de lectura\" \/>\n\t<meta name=\"twitter:data1\" content=\"6 minutos\" \/>\n<script type=\"application\/ld+json\" class=\"yoast-schema-graph\">{\"@context\":\"https:\\\/\\\/schema.org\",\"@graph\":[{\"@type\":\"WebPage\",\"@id\":\"https:\\\/\\\/memoriacesib.es\\\/2022\\\/presentacio\\\/\",\"url\":\"https:\\\/\\\/memoriacesib.es\\\/2022\\\/presentacio\\\/\",\"name\":\"Presentacio - Memoria CES 2022\",\"isPartOf\":{\"@id\":\"https:\\\/\\\/memoriacesib.es\\\/2022\\\/#website\"},\"primaryImageOfPage\":{\"@id\":\"https:\\\/\\\/memoriacesib.es\\\/2022\\\/presentacio\\\/#primaryimage\"},\"image\":{\"@id\":\"https:\\\/\\\/memoriacesib.es\\\/2022\\\/presentacio\\\/#primaryimage\"},\"thumbnailUrl\":\"https:\\\/\\\/memoriacesib.es\\\/2022\\\/wp-content\\\/uploads\\\/2023\\\/08\\\/Foto-portada-CES-1.jpg\",\"datePublished\":\"2023-06-20T10:41:09+00:00\",\"dateModified\":\"2025-08-11T14:23:00+00:00\",\"description\":\"La Mem\u00f2ria 2022 intenta realitzar any rere any una an\u00e0lisi el m\u00e9s objectiu i ampli possible de la realitat balear.\",\"breadcrumb\":{\"@id\":\"https:\\\/\\\/memoriacesib.es\\\/2022\\\/presentacio\\\/#breadcrumb\"},\"inLanguage\":\"es\",\"potentialAction\":[{\"@type\":\"ReadAction\",\"target\":[\"https:\\\/\\\/memoriacesib.es\\\/2022\\\/presentacio\\\/\"]}]},{\"@type\":\"ImageObject\",\"inLanguage\":\"es\",\"@id\":\"https:\\\/\\\/memoriacesib.es\\\/2022\\\/presentacio\\\/#primaryimage\",\"url\":\"https:\\\/\\\/memoriacesib.es\\\/2022\\\/wp-content\\\/uploads\\\/2023\\\/08\\\/Foto-portada-CES-1.jpg\",\"contentUrl\":\"https:\\\/\\\/memoriacesib.es\\\/2022\\\/wp-content\\\/uploads\\\/2023\\\/08\\\/Foto-portada-CES-1.jpg\",\"width\":768,\"height\":768},{\"@type\":\"BreadcrumbList\",\"@id\":\"https:\\\/\\\/memoriacesib.es\\\/2022\\\/presentacio\\\/#breadcrumb\",\"itemListElement\":[{\"@type\":\"ListItem\",\"position\":1,\"name\":\"Portada\",\"item\":\"https:\\\/\\\/memoriacesib.es\\\/2022\\\/\"},{\"@type\":\"ListItem\",\"position\":2,\"name\":\"Presentacio\"}]},{\"@type\":\"WebSite\",\"@id\":\"https:\\\/\\\/memoriacesib.es\\\/2022\\\/#website\",\"url\":\"https:\\\/\\\/memoriacesib.es\\\/2022\\\/\",\"name\":\"Memoria CES 2022\",\"description\":\"Memoria CES 2022\",\"publisher\":{\"@id\":\"https:\\\/\\\/memoriacesib.es\\\/2022\\\/#organization\"},\"potentialAction\":[{\"@type\":\"SearchAction\",\"target\":{\"@type\":\"EntryPoint\",\"urlTemplate\":\"https:\\\/\\\/memoriacesib.es\\\/2022\\\/?s={search_term_string}\"},\"query-input\":{\"@type\":\"PropertyValueSpecification\",\"valueRequired\":true,\"valueName\":\"search_term_string\"}}],\"inLanguage\":\"es\"},{\"@type\":\"Organization\",\"@id\":\"https:\\\/\\\/memoriacesib.es\\\/2022\\\/#organization\",\"name\":\"Consell Economic i Social de les Illes Balears (CES)\",\"url\":\"https:\\\/\\\/memoriacesib.es\\\/2022\\\/\",\"logo\":{\"@type\":\"ImageObject\",\"inLanguage\":\"es\",\"@id\":\"https:\\\/\\\/memoriacesib.es\\\/2022\\\/#\\\/schema\\\/logo\\\/image\\\/\",\"url\":\"https:\\\/\\\/memoriacesib.es\\\/2022\\\/wp-content\\\/uploads\\\/2023\\\/06\\\/Logo-Memoria-Ces-2022_AZUL.png\",\"contentUrl\":\"https:\\\/\\\/memoriacesib.es\\\/2022\\\/wp-content\\\/uploads\\\/2023\\\/06\\\/Logo-Memoria-Ces-2022_AZUL.png\",\"width\":300,\"height\":73,\"caption\":\"Consell Economic i Social de les Illes Balears (CES)\"},\"image\":{\"@id\":\"https:\\\/\\\/memoriacesib.es\\\/2022\\\/#\\\/schema\\\/logo\\\/image\\\/\"},\"sameAs\":[\"https:\\\/\\\/www.facebook.com\\\/cesillesbalears\",\"https:\\\/\\\/x.com\\\/ces_ib\",\"https:\\\/\\\/www.youtube.com\\\/channel\\\/UCrEmO9wh7KlUaQ9dWzvYrVg\"]}]}<\/script>\n<!-- \/ Yoast SEO plugin. -->","yoast_head_json":{"title":"Presentacio - Memoria CES 2022","description":"La Mem\u00f2ria 2022 intenta realitzar any rere any una an\u00e0lisi el m\u00e9s objectiu i ampli possible de la realitat balear.","robots":{"index":"index","follow":"follow","max-snippet":"max-snippet:-1","max-image-preview":"max-image-preview:large","max-video-preview":"max-video-preview:-1"},"canonical":"https:\/\/memoriacesib.es\/2022\/presentacio\/","og_locale":"es_ES","og_type":"article","og_title":"Presentacio - Memoria CES 2022","og_description":"La Mem\u00f2ria 2022 intenta realitzar any rere any una an\u00e0lisi el m\u00e9s objectiu i ampli possible de la realitat balear.","og_url":"https:\/\/memoriacesib.es\/2022\/presentacio\/","og_site_name":"Memoria CES 2022","article_publisher":"https:\/\/www.facebook.com\/cesillesbalears","article_modified_time":"2025-08-11T14:23:00+00:00","og_image":[{"width":768,"height":768,"url":"https:\/\/memoriacesib.es\/2022\/wp-content\/uploads\/2023\/08\/Foto-portada-CES-1.jpg","type":"image\/jpeg"}],"twitter_card":"summary_large_image","twitter_site":"@ces_ib","twitter_misc":{"Tiempo de lectura":"6 minutos"},"schema":{"@context":"https:\/\/schema.org","@graph":[{"@type":"WebPage","@id":"https:\/\/memoriacesib.es\/2022\/presentacio\/","url":"https:\/\/memoriacesib.es\/2022\/presentacio\/","name":"Presentacio - Memoria CES 2022","isPartOf":{"@id":"https:\/\/memoriacesib.es\/2022\/#website"},"primaryImageOfPage":{"@id":"https:\/\/memoriacesib.es\/2022\/presentacio\/#primaryimage"},"image":{"@id":"https:\/\/memoriacesib.es\/2022\/presentacio\/#primaryimage"},"thumbnailUrl":"https:\/\/memoriacesib.es\/2022\/wp-content\/uploads\/2023\/08\/Foto-portada-CES-1.jpg","datePublished":"2023-06-20T10:41:09+00:00","dateModified":"2025-08-11T14:23:00+00:00","description":"La Mem\u00f2ria 2022 intenta realitzar any rere any una an\u00e0lisi el m\u00e9s objectiu i ampli possible de la realitat balear.","breadcrumb":{"@id":"https:\/\/memoriacesib.es\/2022\/presentacio\/#breadcrumb"},"inLanguage":"es","potentialAction":[{"@type":"ReadAction","target":["https:\/\/memoriacesib.es\/2022\/presentacio\/"]}]},{"@type":"ImageObject","inLanguage":"es","@id":"https:\/\/memoriacesib.es\/2022\/presentacio\/#primaryimage","url":"https:\/\/memoriacesib.es\/2022\/wp-content\/uploads\/2023\/08\/Foto-portada-CES-1.jpg","contentUrl":"https:\/\/memoriacesib.es\/2022\/wp-content\/uploads\/2023\/08\/Foto-portada-CES-1.jpg","width":768,"height":768},{"@type":"BreadcrumbList","@id":"https:\/\/memoriacesib.es\/2022\/presentacio\/#breadcrumb","itemListElement":[{"@type":"ListItem","position":1,"name":"Portada","item":"https:\/\/memoriacesib.es\/2022\/"},{"@type":"ListItem","position":2,"name":"Presentacio"}]},{"@type":"WebSite","@id":"https:\/\/memoriacesib.es\/2022\/#website","url":"https:\/\/memoriacesib.es\/2022\/","name":"Memoria CES 2022","description":"Memoria CES 2022","publisher":{"@id":"https:\/\/memoriacesib.es\/2022\/#organization"},"potentialAction":[{"@type":"SearchAction","target":{"@type":"EntryPoint","urlTemplate":"https:\/\/memoriacesib.es\/2022\/?s={search_term_string}"},"query-input":{"@type":"PropertyValueSpecification","valueRequired":true,"valueName":"search_term_string"}}],"inLanguage":"es"},{"@type":"Organization","@id":"https:\/\/memoriacesib.es\/2022\/#organization","name":"Consell Economic i Social de les Illes Balears (CES)","url":"https:\/\/memoriacesib.es\/2022\/","logo":{"@type":"ImageObject","inLanguage":"es","@id":"https:\/\/memoriacesib.es\/2022\/#\/schema\/logo\/image\/","url":"https:\/\/memoriacesib.es\/2022\/wp-content\/uploads\/2023\/06\/Logo-Memoria-Ces-2022_AZUL.png","contentUrl":"https:\/\/memoriacesib.es\/2022\/wp-content\/uploads\/2023\/06\/Logo-Memoria-Ces-2022_AZUL.png","width":300,"height":73,"caption":"Consell Economic i Social de les Illes Balears (CES)"},"image":{"@id":"https:\/\/memoriacesib.es\/2022\/#\/schema\/logo\/image\/"},"sameAs":["https:\/\/www.facebook.com\/cesillesbalears","https:\/\/x.com\/ces_ib","https:\/\/www.youtube.com\/channel\/UCrEmO9wh7KlUaQ9dWzvYrVg"]}]}},"_links":{"self":[{"href":"https:\/\/memoriacesib.es\/2022\/wp-json\/wp\/v2\/pages\/258","targetHints":{"allow":["GET"]}}],"collection":[{"href":"https:\/\/memoriacesib.es\/2022\/wp-json\/wp\/v2\/pages"}],"about":[{"href":"https:\/\/memoriacesib.es\/2022\/wp-json\/wp\/v2\/types\/page"}],"author":[{"embeddable":true,"href":"https:\/\/memoriacesib.es\/2022\/wp-json\/wp\/v2\/users\/1"}],"replies":[{"embeddable":true,"href":"https:\/\/memoriacesib.es\/2022\/wp-json\/wp\/v2\/comments?post=258"}],"version-history":[{"count":8,"href":"https:\/\/memoriacesib.es\/2022\/wp-json\/wp\/v2\/pages\/258\/revisions"}],"predecessor-version":[{"id":2546,"href":"https:\/\/memoriacesib.es\/2022\/wp-json\/wp\/v2\/pages\/258\/revisions\/2546"}],"wp:featuredmedia":[{"embeddable":true,"href":"https:\/\/memoriacesib.es\/2022\/wp-json\/wp\/v2\/media\/2512"}],"wp:attachment":[{"href":"https:\/\/memoriacesib.es\/2022\/wp-json\/wp\/v2\/media?parent=258"}],"curies":[{"name":"wp","href":"https:\/\/api.w.org\/{rel}","templated":true}]}}