{"id":3,"date":"2023-01-25T12:32:10","date_gmt":"2023-01-25T12:32:10","guid":{"rendered":"http:\/\/memoriacesib.es\/2022\/?page_id=3"},"modified":"2023-08-13T12:22:00","modified_gmt":"2023-08-13T12:22:00","slug":"privacy-policy","status":"publish","type":"page","link":"https:\/\/memoriacesib.es\/2022\/privacy-policy\/","title":{"rendered":"Politica privacidad"},"content":{"rendered":"\t\t<div data-elementor-type=\"wp-page\" data-elementor-id=\"3\" class=\"elementor elementor-3\" data-elementor-post-type=\"page\">\n\t\t\t\t\t\t<section class=\"elementor-section elementor-top-section elementor-element elementor-element-81167b8 elementor-section-boxed elementor-section-height-default elementor-section-height-default\" data-id=\"81167b8\" data-element_type=\"section\" data-e-type=\"section\" data-settings=\"{&quot;background_background&quot;:&quot;classic&quot;}\">\n\t\t\t\t\t\t<div class=\"elementor-container elementor-column-gap-default\">\n\t\t\t\t\t<div class=\"elementor-column elementor-col-100 elementor-top-column elementor-element elementor-element-cf07c6e\" data-id=\"cf07c6e\" data-element_type=\"column\" data-e-type=\"column\">\n\t\t\t<div class=\"elementor-widget-wrap elementor-element-populated\">\n\t\t\t\t\t\t<div class=\"elementor-element elementor-element-67f0705 elementor-widget elementor-widget-heading\" data-id=\"67f0705\" data-element_type=\"widget\" data-e-type=\"widget\" data-widget_type=\"heading.default\">\n\t\t\t\t<div class=\"elementor-widget-container\">\n\t\t\t\t\t<h1 class=\"elementor-heading-title elementor-size-default\">Av\u00eds Legal<\/h1>\t\t\t\t<\/div>\n\t\t\t\t<\/div>\n\t\t\t\t\t<\/div>\n\t\t<\/div>\n\t\t\t\t\t<\/div>\n\t\t<\/section>\n\t\t\t\t<section class=\"elementor-section elementor-top-section elementor-element elementor-element-41bf025a elementor-section-boxed elementor-section-height-default elementor-section-height-default\" data-id=\"41bf025a\" data-element_type=\"section\" data-e-type=\"section\">\n\t\t\t\t\t\t<div class=\"elementor-container elementor-column-gap-default\">\n\t\t\t\t\t<div class=\"elementor-column elementor-col-100 elementor-top-column elementor-element elementor-element-3f747a4\" data-id=\"3f747a4\" data-element_type=\"column\" data-e-type=\"column\">\n\t\t\t<div class=\"elementor-widget-wrap elementor-element-populated\">\n\t\t\t\t\t\t<div class=\"elementor-element elementor-element-e62b3cd elementor-widget elementor-widget-text-editor\" data-id=\"e62b3cd\" data-element_type=\"widget\" data-e-type=\"widget\" data-widget_type=\"text-editor.default\">\n\t\t\t\t<div class=\"elementor-widget-container\">\n\t\t\t\t\t\t\t\t\t<article id=\"imc-continguts\" class=\"imc-continguts\">\n<div class=\"imc--contingut\">\n<div class=\"imc-externa\">\n<div class=\"estatica\">\n<h2>Informaci\u00f3. Responsabilitat. Propietat intel\u00b7lectual<\/h2>\n<ul>\n \t<li>El domini <a href=\"http:\/\/www.caib.es\/\">c<\/a>www.memoriacesib.es \u00e9s titularitat de l&#8217;Administraci\u00f3 de la Comunitat Aut\u00f2noma de les Illes Balears (NIF S-0711001-H), amb seu a Palma (carrer de la Llotja, 3, 07012).<\/li>\n \t<li>L&#8217;\u00fas del lloc web implica l&#8217;acceptaci\u00f3 expressa i plena de les condicions aqu\u00ed exposades.<\/li>\n \t<li>Amb l&#8217;excepci\u00f3 de les publicacions de car\u00e0cter oficial, el contingut d&#8217;aquest lloc web \u00e9s merament informatiu i manca d&#8217;efectes jur\u00eddics vinculants per a l&#8217;Administraci\u00f3, sense perjudici, aix\u00f2 no obstant, de la seva funci\u00f3 de porta d&#8217;acc\u00e9s a les comunicacions, els serveis i els tr\u00e0mits de les seus electr\u00f2niques del Govern de les Illes Balears.<\/li>\n \t<li>L&#8217;Administraci\u00f3 de la Comunitat Aut\u00f2noma de les Illes Balears no es fa responsable dels danys i perjudicis que pugui ocasionar l&#8217;\u00fas il\u00b7leg\u00edtim o inadequat de les informacions contingudes al lloc web, ni tampoc de les connexions o continguts i les informacions dels enlla\u00e7os de tercers externs.<\/li>\n \t<li>Tota la informaci\u00f3 d&#8217;aquest portal, com tamb\u00e9 el disseny, els texts, les imatges, el so i qualsevol altre material que l&#8217;integri, \u00e9s propietat intel\u00b7lectual de l&#8217;Administraci\u00f3 de la Comunitat Aut\u00f2noma de les Illes Balears, tot i que es pot utilitzar amb la llic\u00e8ncia anomenada Creative Commons, en la modalitat Reconeixement-Compartir Igual (by-sa).<\/li>\n \t<li>Igualment, l&#8217;Administraci\u00f3 de la Comunitat Aut\u00f2noma de les Illes Balears, a trav\u00e9s del seu departament competent en tecnologia i comunicacions, desenvolupa un projecte de dades obertes per a la reutilitzaci\u00f3 de la informaci\u00f3 del seu sector p\u00fablic. Se&#8217;n pot obtenir m\u00e9s informaci\u00f3 al seg\u00fcent enlla\u00e7:\u00a0<a href=\"https:\/\/catalegdades.caib.cat\/ca\">https:\/\/catalegdades.caib.cat\/ca<\/a>.<\/li>\n<\/ul>\n<h2>Pol\u00edtica de privacitat<\/h2>\n<ul>\n \t<li><strong>Protecci\u00f3 de dades personals:<\/strong>\u00a0El Govern de les Illes Balears garanteix la confidencialitat i la protecci\u00f3 de les dades personals que es faciliten a trav\u00e9s de les p\u00e0gines d&#8217;aquest web en els termes que estableixen el\u00a0<strong>Reglament UE 2016\/679 de protecci\u00f3 de dades<\/strong>\u00a0i la legislaci\u00f3 vigent en mat\u00e8ria de protecci\u00f3 de dades.<\/li>\n \t<li><strong>Informaci\u00f3 espec\u00edfica en relaci\u00f3 amb el tractament de dades personals:<\/strong>\u00a0Les dades personals facilitades pels ciutadans mitjan\u00e7ant els diferents formularis o sol\u00b7licituds d&#8217;aquest web seran tractades en els termes que disposi la \u00abInformaci\u00f3 sobre el tractament de dades personals\u00bb que figuren en el formulari i la sol\u00b7licitud corresponents, on tamb\u00e9 s&#8217;identificar\u00e0 el responsable del tractament.<\/li>\n \t<li><strong>Exercici de drets i reclamacions:<\/strong>\u00a0La persona afectada pel tractament de dades personals pot exercir els seus drets d&#8217;informaci\u00f3, d&#8217;acc\u00e9s, de rectificaci\u00f3, de supressi\u00f3, de limitaci\u00f3, de portabilitat, d&#8217;oposici\u00f3 i de no inclusi\u00f3 en tractaments automatitzats (i, fins i tot, de retirar el consentiment, si \u00e9s el cas, en els termes que estableix el RGPD) davant el responsable del tractament, mitjan\u00e7ant el procediment \u00abSol\u00b7licitud d&#8217;exercici de drets en mat\u00e8ria de protecci\u00f3 de dades personals\u00bb, previst en la Seu Electr\u00f2nica de la CAIB (<a href=\"https:\/\/www.caib.es\/seucaib\/ca\/200\/persones\/\">Seu Electr\u00f2nica<\/a>). Amb posterioritat a la resposta del responsable o al fet que no hi hagi resposta en el termini d&#8217;un mes, pot presentar la \u00abReclamaci\u00f3 de tutela de drets\u00bb davant l&#8217;Ag\u00e8ncia Espanyola de Protecci\u00f3 de Dades (AEPD).<\/li>\n \t<li><strong>Delegaci\u00f3 de Protecci\u00f3 de Dades:<\/strong>\u00a0La Delegaci\u00f3 de Protecci\u00f3 de Dades de l&#8217;Administraci\u00f3 de la CAIB t\u00e9 la seu a la Conselleria de Presid\u00e8ncia (passeig de Sagrera, 2, 07012 Palma). L&#8217;adre\u00e7a electr\u00f2nica de contacte \u00e9s\u00a0<a href=\"mailto:protecciodades@dpd.caib.es\">protecciodades@dpd.caib.es<\/a>.<\/li>\n<\/ul>\n<h2>Pol\u00edtica de galetes (<em>cookies<\/em>)<\/h2>\n<ul>\n \t<li>Una galeta (<em>cookie<\/em>) \u00e9s un petit fitxer de text que s&#8217;emmagatzema al navegador quan es visita qualsevol p\u00e0gina web. La utilitat que t\u00e9 \u00e9s que el web sigui capa\u00e7 de recordar la visita quan es torni a navegar per aquesta p\u00e0gina. Les galetes solen emmagatzemar informaci\u00f3 de car\u00e0cter t\u00e8cnic, prefer\u00e8ncies personals, personalitzaci\u00f3 de continguts, estad\u00edstiques d&#8217;\u00fas, enlla\u00e7os a xarxes socials, acc\u00e9s a comptes d&#8217;usuari, etc. L&#8217;objectiu de la galeta \u00e9s adaptar el contingut del web al perfil i les necessitats de cadasc\u00fa, at\u00e8s que sense galetes els serveis oferts per qualsevol p\u00e0gina quedarien minvats notablement.<\/li>\n \t<li><strong>Consentiment<\/strong>: L&#8217;Administraci\u00f3 de la Comunitat Aut\u00f2noma de les Illes Balears est\u00e0 exclosa de l&#8217;\u00e0mbit d&#8217;aplicaci\u00f3 de la Llei 34\/2002, d&#8217;11 de juliol, de serveis de la societat de la informaci\u00f3 i de comer\u00e7 electr\u00f2nic, at\u00e8s que no t\u00e9 el car\u00e0cter de prestador de serveis de la societat de la informaci\u00f3 en els termes que estableix l&#8217;annex de la Llei. Per tant, no est\u00e0 sotmesa a l&#8217;obligaci\u00f3 d&#8217;obtenir el consentiment per a la utilitzaci\u00f3 de les cookies.<\/li>\n \t<li>Seguint les directrius de l&#8217;<a href=\"https:\/\/www.aepd.es\/\">Ag\u00e8ncia Espanyola de Protecci\u00f3 de Dades<\/a>, a continuaci\u00f3 es detalla l&#8217;\u00fas de galetes que fa aquesta Ag\u00e8ncia per tal d&#8217;informar amb la m\u00e0xima exactitud possible. Els diferents llocs de la web corporativa i la Seu Electr\u00f2nica de l&#8217;Administraci\u00f3 de la Comunitat Aut\u00f2noma de les Illes Balears utilitzen les seg\u00fcents galetes pr\u00f2pies i de tercers:\n<dl>\n \t<dt><strong>Galetes de sessi\u00f3<\/strong>.<\/dt>\n \t<dd>S\u00f3n un tipus de galetes transit\u00f2ries que s&#8217;eliminen quan l&#8217;usuari tanca el navegador i que s&#8217;empren per identificar la sessi\u00f3 d&#8217;aquest usuari mentre es navega pel lloc web.<\/dd>\n \t<dt><strong>Galetes anal\u00edtiques<\/strong>.<\/dt>\n \t<dd>S\u00f3n galetes que registren informaci\u00f3 per poder elaborar estad\u00edstiques sobre el tr\u00e0nsit i el volum de visites del lloc web. En utilitzar-se un lloc web s&#8217;est\u00e0 consentint el tractament d&#8217;informaci\u00f3 sobre un mateix per part de Google. Per tant, l&#8217;exercici de qualsevol dret en aquest sentit s&#8217;haur\u00e0 de fer comunicant directament amb Google. Es pot consultar el prop\u00f2sit d&#8217;aquestes galetes a \u00ab<a href=\"https:\/\/developers.google.com\/analytics\/devguides\/collection\/analyticsjs\/cookie-usage?hl=es-419\">\u00fas de les cookies de Google Analytics en llocs web<\/a>\u00bb, i la seva pol\u00edtica de privacitat, a \u00ab<a href=\"https:\/\/policies.google.com\/privacy?hl=es\">Pol\u00edtica de privacitat de Google<\/a>\u00bb.<\/dd>\n \t<dt><strong>Xarxes socials<\/strong>.<\/dt>\n \t<dd>Cada xarxa social utilitza les seves pr\u00f2pies galetes quan es fa \u00fas de botons del tipus \u00abM&#8217;agrada\u00bb o \u00abCompartir\u00bb.<\/dd>\n<\/dl>\n<\/li>\n \t<li><strong>Gesti\u00f3 de les cookies<\/strong>\u00a0Podeu restringir, bloquejar i eliminar les cookies instal\u00b7lades en el vostre equip mitjan\u00e7ant la configuraci\u00f3 del navegador. Trobareu la informaci\u00f3 necess\u00e0ria en els enlla\u00e7os seg\u00fcents:\n<ul>\n \t<li><a href=\"https:\/\/support.google.com\/chrome\/answer\/95647?hl=es\">Google Chrome<\/a><\/li>\n \t<li><a href=\"http:\/\/support.mozilla.org\/es\/kb\/habilitar-y-deshabilitar-cookies-que-los-sitios-we\">Mozilla Firefox<\/a><\/li>\n \t<li><a href=\"http:\/\/windows.microsoft.com\/es-es\/windows-vista\/block-or-allow-cookies\">Internet Explorer<\/a><\/li>\n \t<li><a href=\"http:\/\/support.apple.com\/es-es\/HT1677\">Safari<\/a><\/li>\n \t<li><a href=\"http:\/\/support.google.com\/chrome\/answer\/2392971?hl=es\">Chrome per a Android<\/a><\/li>\n \t<li><a href=\"http:\/\/help.opera.com\/Windows\/11.50\/es-ES\/cookies.html\">Opera<\/a><\/li>\n<\/ul>\nEn el cas que bloquegeu les cookies \u00e9s possible que determinats serveis o funcionalitats del lloc web no funcionin correctament.<\/li>\n<\/ul>\n<\/div>\n<\/div>\n<\/div>\n<\/article><footer id=\"imc-peu\" class=\"imc-peu\">\n<div class=\"imc--contingut\">\n<div class=\"imc-peu-govern\">\n\n<strong>\u00a9 GOVERN ILLES BALEARS<\/strong>\n\n<\/div>\n<div class=\"imc-peu-opcions\">\n<ul>\n \t<li><a href=\"https:\/\/www.caib.es\/govern\/external\/mapa.do?lang=ca\">MAPA WEB<\/a><\/li>\n \t<li><a href=\"https:\/\/www.caib.es\/govern\/external\/infoLegal.do?lang=ca\">AV\u00cdS LEGAL<\/a><\/li>\n \t<li>\u00a0<a class=\"imc-en-rss\" href=\"https:\/\/www.caib.es\/govern\/rss.do?lang=ca\">RSS\u00a0<\/a><\/li>\n<\/ul>\n<\/div>\n<\/div>\n<\/footer>\t\t\t\t\t\t\t\t<\/div>\n\t\t\t\t<\/div>\n\t\t\t\t\t<\/div>\n\t\t<\/div>\n\t\t\t\t\t<\/div>\n\t\t<\/section>\n\t\t\t\t<\/div>\n\t\t","protected":false},"excerpt":{"rendered":"<p>Av\u00eds Legal Informaci\u00f3. Responsabilitat. Propietat intel\u00b7lectual El domini cwww.memoriacesib.es \u00e9s titularitat de l&#8217;Administraci\u00f3 de la Comunitat Aut\u00f2noma de les Illes Balears (NIF S-0711001-H), amb seu a Palma (carrer de la Llotja, 3, 07012). L&#8217;\u00fas del lloc web implica l&#8217;acceptaci\u00f3 expressa i plena de les condicions aqu\u00ed exposades. Amb l&#8217;excepci\u00f3 de les publicacions de car\u00e0cter oficial, [&hellip;]<\/p>\n","protected":false},"author":1,"featured_media":2510,"parent":0,"menu_order":8,"comment_status":"closed","ping_status":"closed","template":"elementor_header_footer","meta":{"footnotes":""},"class_list":["post-3","page","type-page","status-publish","has-post-thumbnail","hentry"],"yoast_head":"<!-- This site is optimized with the Yoast SEO plugin v27.3 - https:\/\/yoast.com\/product\/yoast-seo-wordpress\/ -->\n<title>Politica privacidad - Memoria CES 2022<\/title>\n<meta name=\"robots\" content=\"index, follow, max-snippet:-1, max-image-preview:large, max-video-preview:-1\" \/>\n<link rel=\"canonical\" href=\"https:\/\/memoriacesib.es\/2022\/privacy-policy\/\" \/>\n<meta property=\"og:locale\" content=\"es_ES\" \/>\n<meta property=\"og:type\" content=\"article\" \/>\n<meta property=\"og:title\" content=\"Politica privacidad - Memoria CES 2022\" \/>\n<meta property=\"og:description\" content=\"Av\u00eds Legal Informaci\u00f3. Responsabilitat. Propietat intel\u00b7lectual El domini cwww.memoriacesib.es \u00e9s titularitat de l&#8217;Administraci\u00f3 de la Comunitat Aut\u00f2noma de les Illes Balears (NIF S-0711001-H), amb seu a Palma (carrer de la Llotja, 3, 07012). L&#8217;\u00fas del lloc web implica l&#8217;acceptaci\u00f3 expressa i plena de les condicions aqu\u00ed exposades. Amb l&#8217;excepci\u00f3 de les publicacions de car\u00e0cter oficial, [&hellip;]\" \/>\n<meta property=\"og:url\" content=\"https:\/\/memoriacesib.es\/2022\/privacy-policy\/\" \/>\n<meta property=\"og:site_name\" content=\"Memoria CES 2022\" \/>\n<meta property=\"article:publisher\" content=\"https:\/\/www.facebook.com\/cesillesbalears\" \/>\n<meta property=\"article:modified_time\" content=\"2023-08-13T12:22:00+00:00\" \/>\n<meta property=\"og:image\" content=\"https:\/\/memoriacesib.es\/2022\/wp-content\/uploads\/2023\/08\/Foto-portada-CES.jpg\" \/>\n\t<meta property=\"og:image:width\" content=\"768\" \/>\n\t<meta property=\"og:image:height\" content=\"768\" \/>\n\t<meta property=\"og:image:type\" content=\"image\/jpeg\" \/>\n<meta name=\"twitter:card\" content=\"summary_large_image\" \/>\n<meta name=\"twitter:site\" content=\"@ces_ib\" \/>\n<meta name=\"twitter:label1\" content=\"Tiempo de lectura\" \/>\n\t<meta name=\"twitter:data1\" content=\"5 minutos\" \/>\n<script type=\"application\/ld+json\" class=\"yoast-schema-graph\">{\"@context\":\"https:\\\/\\\/schema.org\",\"@graph\":[{\"@type\":\"WebPage\",\"@id\":\"https:\\\/\\\/memoriacesib.es\\\/2022\\\/privacy-policy\\\/\",\"url\":\"https:\\\/\\\/memoriacesib.es\\\/2022\\\/privacy-policy\\\/\",\"name\":\"Politica privacidad - Memoria CES 2022\",\"isPartOf\":{\"@id\":\"https:\\\/\\\/memoriacesib.es\\\/2022\\\/#website\"},\"primaryImageOfPage\":{\"@id\":\"https:\\\/\\\/memoriacesib.es\\\/2022\\\/privacy-policy\\\/#primaryimage\"},\"image\":{\"@id\":\"https:\\\/\\\/memoriacesib.es\\\/2022\\\/privacy-policy\\\/#primaryimage\"},\"thumbnailUrl\":\"https:\\\/\\\/memoriacesib.es\\\/2022\\\/wp-content\\\/uploads\\\/2023\\\/08\\\/Foto-portada-CES.jpg\",\"datePublished\":\"2023-01-25T12:32:10+00:00\",\"dateModified\":\"2023-08-13T12:22:00+00:00\",\"breadcrumb\":{\"@id\":\"https:\\\/\\\/memoriacesib.es\\\/2022\\\/privacy-policy\\\/#breadcrumb\"},\"inLanguage\":\"es\",\"potentialAction\":[{\"@type\":\"ReadAction\",\"target\":[\"https:\\\/\\\/memoriacesib.es\\\/2022\\\/privacy-policy\\\/\"]}]},{\"@type\":\"ImageObject\",\"inLanguage\":\"es\",\"@id\":\"https:\\\/\\\/memoriacesib.es\\\/2022\\\/privacy-policy\\\/#primaryimage\",\"url\":\"https:\\\/\\\/memoriacesib.es\\\/2022\\\/wp-content\\\/uploads\\\/2023\\\/08\\\/Foto-portada-CES.jpg\",\"contentUrl\":\"https:\\\/\\\/memoriacesib.es\\\/2022\\\/wp-content\\\/uploads\\\/2023\\\/08\\\/Foto-portada-CES.jpg\",\"width\":768,\"height\":768},{\"@type\":\"BreadcrumbList\",\"@id\":\"https:\\\/\\\/memoriacesib.es\\\/2022\\\/privacy-policy\\\/#breadcrumb\",\"itemListElement\":[{\"@type\":\"ListItem\",\"position\":1,\"name\":\"Portada\",\"item\":\"https:\\\/\\\/memoriacesib.es\\\/2022\\\/\"},{\"@type\":\"ListItem\",\"position\":2,\"name\":\"Politica privacidad\"}]},{\"@type\":\"WebSite\",\"@id\":\"https:\\\/\\\/memoriacesib.es\\\/2022\\\/#website\",\"url\":\"https:\\\/\\\/memoriacesib.es\\\/2022\\\/\",\"name\":\"Memoria CES 2022\",\"description\":\"Memoria CES 2022\",\"publisher\":{\"@id\":\"https:\\\/\\\/memoriacesib.es\\\/2022\\\/#organization\"},\"potentialAction\":[{\"@type\":\"SearchAction\",\"target\":{\"@type\":\"EntryPoint\",\"urlTemplate\":\"https:\\\/\\\/memoriacesib.es\\\/2022\\\/?s={search_term_string}\"},\"query-input\":{\"@type\":\"PropertyValueSpecification\",\"valueRequired\":true,\"valueName\":\"search_term_string\"}}],\"inLanguage\":\"es\"},{\"@type\":\"Organization\",\"@id\":\"https:\\\/\\\/memoriacesib.es\\\/2022\\\/#organization\",\"name\":\"Consell Economic i Social de les Illes Balears (CES)\",\"url\":\"https:\\\/\\\/memoriacesib.es\\\/2022\\\/\",\"logo\":{\"@type\":\"ImageObject\",\"inLanguage\":\"es\",\"@id\":\"https:\\\/\\\/memoriacesib.es\\\/2022\\\/#\\\/schema\\\/logo\\\/image\\\/\",\"url\":\"https:\\\/\\\/memoriacesib.es\\\/2022\\\/wp-content\\\/uploads\\\/2023\\\/06\\\/Logo-Memoria-Ces-2022_AZUL.png\",\"contentUrl\":\"https:\\\/\\\/memoriacesib.es\\\/2022\\\/wp-content\\\/uploads\\\/2023\\\/06\\\/Logo-Memoria-Ces-2022_AZUL.png\",\"width\":300,\"height\":73,\"caption\":\"Consell Economic i Social de les Illes Balears (CES)\"},\"image\":{\"@id\":\"https:\\\/\\\/memoriacesib.es\\\/2022\\\/#\\\/schema\\\/logo\\\/image\\\/\"},\"sameAs\":[\"https:\\\/\\\/www.facebook.com\\\/cesillesbalears\",\"https:\\\/\\\/x.com\\\/ces_ib\",\"https:\\\/\\\/www.youtube.com\\\/channel\\\/UCrEmO9wh7KlUaQ9dWzvYrVg\"]}]}<\/script>\n<!-- \/ Yoast SEO plugin. -->","yoast_head_json":{"title":"Politica privacidad - Memoria CES 2022","robots":{"index":"index","follow":"follow","max-snippet":"max-snippet:-1","max-image-preview":"max-image-preview:large","max-video-preview":"max-video-preview:-1"},"canonical":"https:\/\/memoriacesib.es\/2022\/privacy-policy\/","og_locale":"es_ES","og_type":"article","og_title":"Politica privacidad - Memoria CES 2022","og_description":"Av\u00eds Legal Informaci\u00f3. Responsabilitat. Propietat intel\u00b7lectual El domini cwww.memoriacesib.es \u00e9s titularitat de l&#8217;Administraci\u00f3 de la Comunitat Aut\u00f2noma de les Illes Balears (NIF S-0711001-H), amb seu a Palma (carrer de la Llotja, 3, 07012). L&#8217;\u00fas del lloc web implica l&#8217;acceptaci\u00f3 expressa i plena de les condicions aqu\u00ed exposades. Amb l&#8217;excepci\u00f3 de les publicacions de car\u00e0cter oficial, [&hellip;]","og_url":"https:\/\/memoriacesib.es\/2022\/privacy-policy\/","og_site_name":"Memoria CES 2022","article_publisher":"https:\/\/www.facebook.com\/cesillesbalears","article_modified_time":"2023-08-13T12:22:00+00:00","og_image":[{"width":768,"height":768,"url":"https:\/\/memoriacesib.es\/2022\/wp-content\/uploads\/2023\/08\/Foto-portada-CES.jpg","type":"image\/jpeg"}],"twitter_card":"summary_large_image","twitter_site":"@ces_ib","twitter_misc":{"Tiempo de lectura":"5 minutos"},"schema":{"@context":"https:\/\/schema.org","@graph":[{"@type":"WebPage","@id":"https:\/\/memoriacesib.es\/2022\/privacy-policy\/","url":"https:\/\/memoriacesib.es\/2022\/privacy-policy\/","name":"Politica privacidad - Memoria CES 2022","isPartOf":{"@id":"https:\/\/memoriacesib.es\/2022\/#website"},"primaryImageOfPage":{"@id":"https:\/\/memoriacesib.es\/2022\/privacy-policy\/#primaryimage"},"image":{"@id":"https:\/\/memoriacesib.es\/2022\/privacy-policy\/#primaryimage"},"thumbnailUrl":"https:\/\/memoriacesib.es\/2022\/wp-content\/uploads\/2023\/08\/Foto-portada-CES.jpg","datePublished":"2023-01-25T12:32:10+00:00","dateModified":"2023-08-13T12:22:00+00:00","breadcrumb":{"@id":"https:\/\/memoriacesib.es\/2022\/privacy-policy\/#breadcrumb"},"inLanguage":"es","potentialAction":[{"@type":"ReadAction","target":["https:\/\/memoriacesib.es\/2022\/privacy-policy\/"]}]},{"@type":"ImageObject","inLanguage":"es","@id":"https:\/\/memoriacesib.es\/2022\/privacy-policy\/#primaryimage","url":"https:\/\/memoriacesib.es\/2022\/wp-content\/uploads\/2023\/08\/Foto-portada-CES.jpg","contentUrl":"https:\/\/memoriacesib.es\/2022\/wp-content\/uploads\/2023\/08\/Foto-portada-CES.jpg","width":768,"height":768},{"@type":"BreadcrumbList","@id":"https:\/\/memoriacesib.es\/2022\/privacy-policy\/#breadcrumb","itemListElement":[{"@type":"ListItem","position":1,"name":"Portada","item":"https:\/\/memoriacesib.es\/2022\/"},{"@type":"ListItem","position":2,"name":"Politica privacidad"}]},{"@type":"WebSite","@id":"https:\/\/memoriacesib.es\/2022\/#website","url":"https:\/\/memoriacesib.es\/2022\/","name":"Memoria CES 2022","description":"Memoria CES 2022","publisher":{"@id":"https:\/\/memoriacesib.es\/2022\/#organization"},"potentialAction":[{"@type":"SearchAction","target":{"@type":"EntryPoint","urlTemplate":"https:\/\/memoriacesib.es\/2022\/?s={search_term_string}"},"query-input":{"@type":"PropertyValueSpecification","valueRequired":true,"valueName":"search_term_string"}}],"inLanguage":"es"},{"@type":"Organization","@id":"https:\/\/memoriacesib.es\/2022\/#organization","name":"Consell Economic i Social de les Illes Balears (CES)","url":"https:\/\/memoriacesib.es\/2022\/","logo":{"@type":"ImageObject","inLanguage":"es","@id":"https:\/\/memoriacesib.es\/2022\/#\/schema\/logo\/image\/","url":"https:\/\/memoriacesib.es\/2022\/wp-content\/uploads\/2023\/06\/Logo-Memoria-Ces-2022_AZUL.png","contentUrl":"https:\/\/memoriacesib.es\/2022\/wp-content\/uploads\/2023\/06\/Logo-Memoria-Ces-2022_AZUL.png","width":300,"height":73,"caption":"Consell Economic i Social de les Illes Balears (CES)"},"image":{"@id":"https:\/\/memoriacesib.es\/2022\/#\/schema\/logo\/image\/"},"sameAs":["https:\/\/www.facebook.com\/cesillesbalears","https:\/\/x.com\/ces_ib","https:\/\/www.youtube.com\/channel\/UCrEmO9wh7KlUaQ9dWzvYrVg"]}]}},"_links":{"self":[{"href":"https:\/\/memoriacesib.es\/2022\/wp-json\/wp\/v2\/pages\/3","targetHints":{"allow":["GET"]}}],"collection":[{"href":"https:\/\/memoriacesib.es\/2022\/wp-json\/wp\/v2\/pages"}],"about":[{"href":"https:\/\/memoriacesib.es\/2022\/wp-json\/wp\/v2\/types\/page"}],"author":[{"embeddable":true,"href":"https:\/\/memoriacesib.es\/2022\/wp-json\/wp\/v2\/users\/1"}],"replies":[{"embeddable":true,"href":"https:\/\/memoriacesib.es\/2022\/wp-json\/wp\/v2\/comments?post=3"}],"version-history":[{"count":15,"href":"https:\/\/memoriacesib.es\/2022\/wp-json\/wp\/v2\/pages\/3\/revisions"}],"predecessor-version":[{"id":2541,"href":"https:\/\/memoriacesib.es\/2022\/wp-json\/wp\/v2\/pages\/3\/revisions\/2541"}],"wp:featuredmedia":[{"embeddable":true,"href":"https:\/\/memoriacesib.es\/2022\/wp-json\/wp\/v2\/media\/2510"}],"wp:attachment":[{"href":"https:\/\/memoriacesib.es\/2022\/wp-json\/wp\/v2\/media?parent=3"}],"curies":[{"name":"wp","href":"https:\/\/api.w.org\/{rel}","templated":true}]}}